{"id":9378,"date":"2025-03-04T19:28:38","date_gmt":"2025-03-04T19:28:38","guid":{"rendered":"https:\/\/zukunftsforum-edelmetalle.de\/?page_id=9378"},"modified":"2025-03-06T20:51:44","modified_gmt":"2025-03-06T20:51:44","slug":"medienpartner","status":"publish","type":"page","link":"https:\/\/zukunftsforum-edelmetalle.de\/en\/medienpartner\/","title":{"rendered":"Media partner"},"content":{"rendered":"<div data-elementor-type=\"wp-page\" data-elementor-id=\"9378\" class=\"elementor elementor-9378\" data-elementor-settings=\"{&quot;element_pack_global_tooltip_width&quot;:{&quot;unit&quot;:&quot;px&quot;,&quot;size&quot;:&quot;&quot;,&quot;sizes&quot;:[]},&quot;element_pack_global_tooltip_width_laptop&quot;:{&quot;unit&quot;:&quot;px&quot;,&quot;size&quot;:&quot;&quot;,&quot;sizes&quot;:[]},&quot;element_pack_global_tooltip_width_tablet_extra&quot;:{&quot;unit&quot;:&quot;px&quot;,&quot;size&quot;:&quot;&quot;,&quot;sizes&quot;:[]},&quot;element_pack_global_tooltip_width_tablet&quot;:{&quot;unit&quot;:&quot;px&quot;,&quot;size&quot;:&quot;&quot;,&quot;sizes&quot;:[]},&quot;element_pack_global_tooltip_width_mobile&quot;:{&quot;unit&quot;:&quot;px&quot;,&quot;size&quot;:&quot;&quot;,&quot;sizes&quot;:[]},&quot;element_pack_global_tooltip_padding&quot;:{&quot;unit&quot;:&quot;px&quot;,&quot;top&quot;:&quot;&quot;,&quot;right&quot;:&quot;&quot;,&quot;bottom&quot;:&quot;&quot;,&quot;left&quot;:&quot;&quot;,&quot;isLinked&quot;:true},&quot;element_pack_global_tooltip_padding_laptop&quot;:{&quot;unit&quot;:&quot;px&quot;,&quot;top&quot;:&quot;&quot;,&quot;right&quot;:&quot;&quot;,&quot;bottom&quot;:&quot;&quot;,&quot;left&quot;:&quot;&quot;,&quot;isLinked&quot;:true},&quot;element_pack_global_tooltip_padding_tablet_extra&quot;:{&quot;unit&quot;:&quot;px&quot;,&quot;top&quot;:&quot;&quot;,&quot;right&quot;:&quot;&quot;,&quot;bottom&quot;:&quot;&quot;,&quot;left&quot;:&quot;&quot;,&quot;isLinked&quot;:true},&quot;element_pack_global_tooltip_padding_tablet&quot;:{&quot;unit&quot;:&quot;px&quot;,&quot;top&quot;:&quot;&quot;,&quot;right&quot;:&quot;&quot;,&quot;bottom&quot;:&quot;&quot;,&quot;left&quot;:&quot;&quot;,&quot;isLinked&quot;:true},&quot;element_pack_global_tooltip_padding_mobile&quot;:{&quot;unit&quot;:&quot;px&quot;,&quot;top&quot;:&quot;&quot;,&quot;right&quot;:&quot;&quot;,&quot;bottom&quot;:&quot;&quot;,&quot;left&quot;:&quot;&quot;,&quot;isLinked&quot;:true},&quot;element_pack_global_tooltip_border_radius&quot;:{&quot;unit&quot;:&quot;px&quot;,&quot;top&quot;:&quot;&quot;,&quot;right&quot;:&quot;&quot;,&quot;bottom&quot;:&quot;&quot;,&quot;left&quot;:&quot;&quot;,&quot;isLinked&quot;:true},&quot;element_pack_global_tooltip_border_radius_laptop&quot;:{&quot;unit&quot;:&quot;px&quot;,&quot;top&quot;:&quot;&quot;,&quot;right&quot;:&quot;&quot;,&quot;bottom&quot;:&quot;&quot;,&quot;left&quot;:&quot;&quot;,&quot;isLinked&quot;:true},&quot;element_pack_global_tooltip_border_radius_tablet_extra&quot;:{&quot;unit&quot;:&quot;px&quot;,&quot;top&quot;:&quot;&quot;,&quot;right&quot;:&quot;&quot;,&quot;bottom&quot;:&quot;&quot;,&quot;left&quot;:&quot;&quot;,&quot;isLinked&quot;:true},&quot;element_pack_global_tooltip_border_radius_tablet&quot;:{&quot;unit&quot;:&quot;px&quot;,&quot;top&quot;:&quot;&quot;,&quot;right&quot;:&quot;&quot;,&quot;bottom&quot;:&quot;&quot;,&quot;left&quot;:&quot;&quot;,&quot;isLinked&quot;:true},&quot;element_pack_global_tooltip_border_radius_mobile&quot;:{&quot;unit&quot;:&quot;px&quot;,&quot;top&quot;:&quot;&quot;,&quot;right&quot;:&quot;&quot;,&quot;bottom&quot;:&quot;&quot;,&quot;left&quot;:&quot;&quot;,&quot;isLinked&quot;:true}}\" data-elementor-post-type=\"page\">\n\t\t\t\t\t\t<section class=\"elementor-section elementor-top-section elementor-element elementor-element-8e32c44 elementor-section-boxed elementor-section-height-default elementor-section-height-default\" data-id=\"8e32c44\" data-element_type=\"section\" data-e-type=\"section\" data-settings=\"{&quot;background_background&quot;:&quot;classic&quot;}\">\n\t\t\t\t\t\t\t<div class=\"elementor-background-overlay\"><\/div>\n\t\t\t\t\t\t\t<div class=\"elementor-container elementor-column-gap-no\">\n\t\t\t\t\t<div class=\"elementor-column elementor-col-100 elementor-top-column elementor-element elementor-element-59afe2b\" data-id=\"59afe2b\" data-element_type=\"column\" data-e-type=\"column\">\n\t\t\t<div class=\"elementor-widget-wrap elementor-element-populated\">\n\t\t\t\t\t\t<div class=\"elementor-element elementor-element-e2ac11f elementor-widget elementor-widget-heading\" data-id=\"e2ac11f\" data-element_type=\"widget\" data-e-type=\"widget\" data-widget_type=\"heading.default\">\n\t\t\t\t\t<h1 class=\"elementor-heading-title elementor-size-default\">Media partner<\/h1>\t\t\t\t<\/div>\n\t\t\t\t\t<\/div>\n\t\t<\/div>\n\t\t\t\t\t<\/div>\n\t\t<\/section>\n\t\t<div class=\"elementor-element elementor-element-1df2678 e-flex e-con-boxed e-con e-parent\" data-id=\"1df2678\" data-element_type=\"container\" data-e-type=\"container\">\n\t\t\t\t\t<div class=\"e-con-inner\">\n\t\t<div class=\"elementor-element elementor-element-fbc6ab5 e-con-full e-flex e-con e-child\" data-id=\"fbc6ab5\" data-element_type=\"container\" data-e-type=\"container\">\n\t\t\t\t<div class=\"elementor-element elementor-element-3d0029b elementor-widget elementor-widget-spacer\" data-id=\"3d0029b\" data-element_type=\"widget\" data-e-type=\"widget\" data-widget_type=\"spacer.default\">\n\t\t\t\t\t\t\t<div class=\"elementor-spacer\">\n\t\t\t<div class=\"elementor-spacer-inner\"><\/div>\n\t\t<\/div>\n\t\t\t\t\t\t<\/div>\n\t\t\t\t<div class=\"elementor-element elementor-element-4005d90 elementor-invisible elementor-widget elementor-widget-heading\" data-id=\"4005d90\" data-element_type=\"widget\" data-e-type=\"widget\" data-settings=\"{&quot;_animation&quot;:&quot;fadeIn&quot;}\" data-widget_type=\"heading.default\">\n\t\t\t\t\t<h6 class=\"elementor-heading-title elementor-size-default\">Family Office<\/h6>\t\t\t\t<\/div>\n\t\t\t\t<div class=\"elementor-element elementor-element-bce2118 elementor-widget elementor-widget-text-editor\" data-id=\"bce2118\" data-element_type=\"widget\" data-e-type=\"widget\" data-widget_type=\"text-editor.default\">\n\t\t\t\t\t\t\t\t\t<p class=\"p1\"><span class=\"s1\">Family Office Magazine<\/span> is the leading publication dedicated to the global Family\nOffice community, catering to an elite audience of ultra-high-net-worth individuals\n(UHNWI) and families who represent the world\u2019s wealthiest and most influential\nsegment. As the go-to resource for Family Office professionals and the international\nUHNWI community, the magazine is renowned for its comprehensive coverage of\nindustry news, insights, and events. Featuring contributions from some of the most\nprominent Family Offices, private banks, and wealth management firms worldwide,\nFamily Office Magazine delivers unparalleled content to its discerning readership. <span class=\"s1\">Family Office Magazine<\/span> first-class content for its discerning readers.<\/p><p class=\"p1\">Visit our website to view samples.<\/p><p class=\"p1\"><span class=\"s1\">Twitter<\/span>: @familyofficemag<\/p><p class=\"p1\"><span class=\"s1\">Instagram<\/span>#familyofficemagazine<\/p><p class=\"p1\"><span class=\"s1\">LinkedIn<\/span>: <a href=\"https:\/\/www.linkedin.com\/company\/5366080\">Click here<\/a><\/p>\t\t\t\t\t\t\t\t<\/div>\n\t\t\t\t<div class=\"elementor-element elementor-element-4c88e76 elementor-align-left elementor-mobile-align-center elementor-widget elementor-widget-button\" data-id=\"4c88e76\" data-element_type=\"widget\" data-e-type=\"widget\" data-widget_type=\"button.default\">\n\t\t\t\t\t\t\t\t\t\t<a class=\"elementor-button elementor-button-link elementor-size-sm\" href=\"https:\/\/www.familyofficemag.com\/\" target=\"_blank\">\n\t\t\t\t\t\t<span class=\"elementor-button-content-wrapper\">\n\t\t\t\t\t\t\t\t\t<span class=\"elementor-button-text\">Continue to the partner<\/span>\n\t\t\t\t\t<\/span>\n\t\t\t\t\t<\/a>\n\t\t\t\t\t\t\t\t<\/div>\n\t\t\t\t<div class=\"elementor-element elementor-element-460cad6 elementor-hidden-desktop elementor-hidden-laptop elementor-hidden-tablet_extra elementor-hidden-tablet elementor-widget elementor-widget-image\" data-id=\"460cad6\" data-element_type=\"widget\" data-e-type=\"widget\" data-widget_type=\"image.default\">\n\t\t\t\t\t\t\t\t\t\t\t\t\t\t\t<img fetchpriority=\"high\" decoding=\"async\" width=\"1024\" height=\"594\" src=\"https:\/\/zukunftsforum-edelmetalle.de\/wp-content\/uploads\/2025\/03\/1-FOM_LOGO-300DPI_2017-1024x594.jpg\" class=\"attachment-large size-large wp-image-9381\" alt=\"\" srcset=\"https:\/\/zukunftsforum-edelmetalle.de\/wp-content\/uploads\/2025\/03\/1-FOM_LOGO-300DPI_2017-1024x594.jpg 1024w, https:\/\/zukunftsforum-edelmetalle.de\/wp-content\/uploads\/2025\/03\/1-FOM_LOGO-300DPI_2017-300x174.jpg 300w, https:\/\/zukunftsforum-edelmetalle.de\/wp-content\/uploads\/2025\/03\/1-FOM_LOGO-300DPI_2017-768x445.jpg 768w, https:\/\/zukunftsforum-edelmetalle.de\/wp-content\/uploads\/2025\/03\/1-FOM_LOGO-300DPI_2017-1536x891.jpg 1536w, https:\/\/zukunftsforum-edelmetalle.de\/wp-content\/uploads\/2025\/03\/1-FOM_LOGO-300DPI_2017-2048x1188.jpg 2048w, https:\/\/zukunftsforum-edelmetalle.de\/wp-content\/uploads\/2025\/03\/1-FOM_LOGO-300DPI_2017-18x10.jpg 18w, https:\/\/zukunftsforum-edelmetalle.de\/wp-content\/uploads\/2025\/03\/1-FOM_LOGO-300DPI_2017-600x348.jpg 600w\" sizes=\"(max-width: 1024px) 100vw, 1024px\" \/>\t\t\t\t\t\t\t\t\t\t\t\t\t\t\t<\/div>\n\t\t\t\t<\/div>\n\t\t<div class=\"elementor-element elementor-element-88b9ff0 e-con-full elementor-hidden-mobile e-flex e-con e-child\" data-id=\"88b9ff0\" data-element_type=\"container\" data-e-type=\"container\">\n\t\t\t\t<div class=\"elementor-element elementor-element-4fb3dd0 elementor-widget elementor-widget-image\" data-id=\"4fb3dd0\" data-element_type=\"widget\" data-e-type=\"widget\" data-widget_type=\"image.default\">\n\t\t\t\t\t\t\t\t\t\t\t\t\t\t\t<img fetchpriority=\"high\" decoding=\"async\" width=\"1024\" height=\"594\" src=\"https:\/\/zukunftsforum-edelmetalle.de\/wp-content\/uploads\/2025\/03\/1-FOM_LOGO-300DPI_2017-1024x594.jpg\" class=\"attachment-large size-large wp-image-9381\" alt=\"\" srcset=\"https:\/\/zukunftsforum-edelmetalle.de\/wp-content\/uploads\/2025\/03\/1-FOM_LOGO-300DPI_2017-1024x594.jpg 1024w, https:\/\/zukunftsforum-edelmetalle.de\/wp-content\/uploads\/2025\/03\/1-FOM_LOGO-300DPI_2017-300x174.jpg 300w, https:\/\/zukunftsforum-edelmetalle.de\/wp-content\/uploads\/2025\/03\/1-FOM_LOGO-300DPI_2017-768x445.jpg 768w, https:\/\/zukunftsforum-edelmetalle.de\/wp-content\/uploads\/2025\/03\/1-FOM_LOGO-300DPI_2017-1536x891.jpg 1536w, https:\/\/zukunftsforum-edelmetalle.de\/wp-content\/uploads\/2025\/03\/1-FOM_LOGO-300DPI_2017-2048x1188.jpg 2048w, https:\/\/zukunftsforum-edelmetalle.de\/wp-content\/uploads\/2025\/03\/1-FOM_LOGO-300DPI_2017-18x10.jpg 18w, https:\/\/zukunftsforum-edelmetalle.de\/wp-content\/uploads\/2025\/03\/1-FOM_LOGO-300DPI_2017-600x348.jpg 600w\" sizes=\"(max-width: 1024px) 100vw, 1024px\" \/>\t\t\t\t\t\t\t\t\t\t\t\t\t\t\t<\/div>\n\t\t\t\t<\/div>\n\t\t\t\t\t<\/div>\n\t\t\t\t<\/div>\n\t\t<div class=\"elementor-element elementor-element-1c6a8eb e-flex e-con-boxed e-con e-parent\" data-id=\"1c6a8eb\" data-element_type=\"container\" data-e-type=\"container\">\n\t\t\t\t\t<div class=\"e-con-inner\">\n\t\t<div class=\"elementor-element elementor-element-259a50c e-con-full elementor-hidden-mobile e-flex e-con e-child\" data-id=\"259a50c\" data-element_type=\"container\" data-e-type=\"container\">\n\t\t\t\t<div class=\"elementor-element elementor-element-8d9ead6 elementor-widget elementor-widget-image\" data-id=\"8d9ead6\" data-element_type=\"widget\" data-e-type=\"widget\" data-widget_type=\"image.default\">\n\t\t\t\t\t\t\t\t\t\t\t\t\t\t\t<img decoding=\"async\" width=\"1024\" height=\"464\" src=\"https:\/\/zukunftsforum-edelmetalle.de\/wp-content\/uploads\/2025\/03\/Goldreporter-Logo-Cl_1-1024x464.jpg\" class=\"attachment-large size-large wp-image-9456\" alt=\"\" srcset=\"https:\/\/zukunftsforum-edelmetalle.de\/wp-content\/uploads\/2025\/03\/Goldreporter-Logo-Cl_1-1024x464.jpg 1024w, https:\/\/zukunftsforum-edelmetalle.de\/wp-content\/uploads\/2025\/03\/Goldreporter-Logo-Cl_1-300x136.jpg 300w, https:\/\/zukunftsforum-edelmetalle.de\/wp-content\/uploads\/2025\/03\/Goldreporter-Logo-Cl_1-768x348.jpg 768w, https:\/\/zukunftsforum-edelmetalle.de\/wp-content\/uploads\/2025\/03\/Goldreporter-Logo-Cl_1-1536x695.jpg 1536w, https:\/\/zukunftsforum-edelmetalle.de\/wp-content\/uploads\/2025\/03\/Goldreporter-Logo-Cl_1-2048x927.jpg 2048w\" sizes=\"(max-width: 1024px) 100vw, 1024px\" \/>\t\t\t\t\t\t\t\t\t\t\t\t\t\t\t<\/div>\n\t\t\t\t<\/div>\n\t\t<div class=\"elementor-element elementor-element-faf40ca e-con-full e-flex e-con e-child\" data-id=\"faf40ca\" data-element_type=\"container\" data-e-type=\"container\">\n\t\t\t\t<div class=\"elementor-element elementor-element-214280a elementor-widget elementor-widget-spacer\" data-id=\"214280a\" data-element_type=\"widget\" data-e-type=\"widget\" data-widget_type=\"spacer.default\">\n\t\t\t\t\t\t\t<div class=\"elementor-spacer\">\n\t\t\t<div class=\"elementor-spacer-inner\"><\/div>\n\t\t<\/div>\n\t\t\t\t\t\t<\/div>\n\t\t\t\t<div class=\"elementor-element elementor-element-89e7b8a elementor-invisible elementor-widget elementor-widget-heading\" data-id=\"89e7b8a\" data-element_type=\"widget\" data-e-type=\"widget\" data-settings=\"{&quot;_animation&quot;:&quot;fadeIn&quot;}\" data-widget_type=\"heading.default\">\n\t\t\t\t\t<h6 class=\"elementor-heading-title elementor-size-default\">Gold reporter<\/h6>\t\t\t\t<\/div>\n\t\t<div class=\"elementor-element elementor-element-d30c46f e-con-full e-flex e-con e-child\" data-id=\"d30c46f\" data-element_type=\"container\" data-e-type=\"container\">\n\t\t\t\t<div class=\"elementor-element elementor-element-1f126c8 elementor-widget elementor-widget-text-editor\" data-id=\"1f126c8\" data-element_type=\"widget\" data-e-type=\"widget\" data-widget_type=\"text-editor.default\">\n\t\t\t\t\t\t\t\t\t<p>Goldreporter is an independent information service focusing on gold and silver as an investment. The platform offers the latest news and investment tips,<\/p><p>Market analysis and advice on asset protection. Since 2008, Goldreporter has been reporting on developments on the gold market and in precious metals trading, imparting knowledge and presenting investment strategies. The service is aimed at investors, industry professionals and interested parties who want to find out more about precious metals.<\/p><p>Editor-in-chief J\u00fcrgen Fr\u00f6hlich is an experienced financial journalist. In 2024, he was awarded the DEG Prize of the German Precious Metals Society. This award recognizes special achievements in the communication of knowledge about valuable and natural money.<\/p>\t\t\t\t\t\t\t\t<\/div>\n\t\t\t\t<div class=\"elementor-element elementor-element-3dd2c9e elementor-align-left elementor-mobile-align-center elementor-widget elementor-widget-button\" data-id=\"3dd2c9e\" data-element_type=\"widget\" data-e-type=\"widget\" data-widget_type=\"button.default\">\n\t\t\t\t\t\t\t\t\t\t<a class=\"elementor-button elementor-button-link elementor-size-sm\" href=\"https:\/\/www.goldreporter.de\/\" target=\"_blank\">\n\t\t\t\t\t\t<span class=\"elementor-button-content-wrapper\">\n\t\t\t\t\t\t\t\t\t<span class=\"elementor-button-text\">Continue to the partner<\/span>\n\t\t\t\t\t<\/span>\n\t\t\t\t\t<\/a>\n\t\t\t\t\t\t\t\t<\/div>\n\t\t\t\t<div class=\"elementor-element elementor-element-50ba16e elementor-hidden-desktop elementor-hidden-laptop elementor-hidden-tablet_extra elementor-hidden-tablet elementor-widget elementor-widget-image\" data-id=\"50ba16e\" data-element_type=\"widget\" data-e-type=\"widget\" data-widget_type=\"image.default\">\n\t\t\t\t\t\t\t\t\t\t\t\t\t\t\t<img decoding=\"async\" width=\"1024\" height=\"464\" src=\"https:\/\/zukunftsforum-edelmetalle.de\/wp-content\/uploads\/2025\/03\/Goldreporter-Logo-Cl_1-1024x464.jpg\" class=\"attachment-large size-large wp-image-9456\" alt=\"\" srcset=\"https:\/\/zukunftsforum-edelmetalle.de\/wp-content\/uploads\/2025\/03\/Goldreporter-Logo-Cl_1-1024x464.jpg 1024w, https:\/\/zukunftsforum-edelmetalle.de\/wp-content\/uploads\/2025\/03\/Goldreporter-Logo-Cl_1-300x136.jpg 300w, https:\/\/zukunftsforum-edelmetalle.de\/wp-content\/uploads\/2025\/03\/Goldreporter-Logo-Cl_1-768x348.jpg 768w, https:\/\/zukunftsforum-edelmetalle.de\/wp-content\/uploads\/2025\/03\/Goldreporter-Logo-Cl_1-1536x695.jpg 1536w, https:\/\/zukunftsforum-edelmetalle.de\/wp-content\/uploads\/2025\/03\/Goldreporter-Logo-Cl_1-2048x927.jpg 2048w\" sizes=\"(max-width: 1024px) 100vw, 1024px\" \/>\t\t\t\t\t\t\t\t\t\t\t\t\t\t\t<\/div>\n\t\t\t\t<\/div>\n\t\t\t\t<\/div>\n\t\t\t\t\t<\/div>\n\t\t\t\t<\/div>\n\t\t\t\t<\/div>","protected":false},"excerpt":{"rendered":"<p>Medienpartner Family Office Family Office Magazine ist die f\u00fchrende Publikation f\u00fcr die globale Family-Office Community und richtet sich an eine exklusive Zielgruppe von Ultra-High-Net-Worth Individuals (UHNWI) und Familien, die zu den wohlhabendsten und einflussreichsten der Welt geh\u00f6ren. Als unverzichtbare Informationsquelle f\u00fcr Family-Office-Profis und die internationale UHNWI-Community ist das Magazin bekannt f\u00fcr seine umfassende Berichterstattung \u00fcber [&hellip;]<\/p>\n","protected":false},"author":9,"featured_media":0,"parent":0,"menu_order":5,"comment_status":"closed","ping_status":"closed","template":"full-width.php","meta":{"_acf_changed":false,"footnotes":""},"class_list":["post-9378","page","type-page","status-publish","hentry"],"acf":[],"_links":{"self":[{"href":"https:\/\/zukunftsforum-edelmetalle.de\/en\/wp-json\/wp\/v2\/pages\/9378","targetHints":{"allow":["GET"]}}],"collection":[{"href":"https:\/\/zukunftsforum-edelmetalle.de\/en\/wp-json\/wp\/v2\/pages"}],"about":[{"href":"https:\/\/zukunftsforum-edelmetalle.de\/en\/wp-json\/wp\/v2\/types\/page"}],"author":[{"embeddable":true,"href":"https:\/\/zukunftsforum-edelmetalle.de\/en\/wp-json\/wp\/v2\/users\/9"}],"replies":[{"embeddable":true,"href":"https:\/\/zukunftsforum-edelmetalle.de\/en\/wp-json\/wp\/v2\/comments?post=9378"}],"version-history":[{"count":0,"href":"https:\/\/zukunftsforum-edelmetalle.de\/en\/wp-json\/wp\/v2\/pages\/9378\/revisions"}],"wp:attachment":[{"href":"https:\/\/zukunftsforum-edelmetalle.de\/en\/wp-json\/wp\/v2\/media?parent=9378"}],"curies":[{"name":"wp","href":"https:\/\/api.w.org\/{rel}","templated":true}]}}