{"id":7121,"date":"2024-10-09T13:06:20","date_gmt":"2024-10-09T13:06:20","guid":{"rendered":"https:\/\/zukunftsforum-edelmetalle.de\/?page_id=7121"},"modified":"2024-11-28T01:06:26","modified_gmt":"2024-11-28T01:06:26","slug":"teilnahmebedingungen","status":"publish","type":"page","link":"https:\/\/zukunftsforum-edelmetalle.de\/en\/teilnahmebedingungen\/","title":{"rendered":"Conditions of participation"},"content":{"rendered":"<div data-elementor-type=\"wp-page\" data-elementor-id=\"7121\" class=\"elementor elementor-7121\" data-elementor-settings=\"{&quot;element_pack_global_tooltip_width&quot;:{&quot;unit&quot;:&quot;px&quot;,&quot;size&quot;:&quot;&quot;,&quot;sizes&quot;:[]},&quot;element_pack_global_tooltip_width_laptop&quot;:{&quot;unit&quot;:&quot;px&quot;,&quot;size&quot;:&quot;&quot;,&quot;sizes&quot;:[]},&quot;element_pack_global_tooltip_width_tablet_extra&quot;:{&quot;unit&quot;:&quot;px&quot;,&quot;size&quot;:&quot;&quot;,&quot;sizes&quot;:[]},&quot;element_pack_global_tooltip_width_tablet&quot;:{&quot;unit&quot;:&quot;px&quot;,&quot;size&quot;:&quot;&quot;,&quot;sizes&quot;:[]},&quot;element_pack_global_tooltip_width_mobile&quot;:{&quot;unit&quot;:&quot;px&quot;,&quot;size&quot;:&quot;&quot;,&quot;sizes&quot;:[]},&quot;element_pack_global_tooltip_padding&quot;:{&quot;unit&quot;:&quot;px&quot;,&quot;top&quot;:&quot;&quot;,&quot;right&quot;:&quot;&quot;,&quot;bottom&quot;:&quot;&quot;,&quot;left&quot;:&quot;&quot;,&quot;isLinked&quot;:true},&quot;element_pack_global_tooltip_padding_laptop&quot;:{&quot;unit&quot;:&quot;px&quot;,&quot;top&quot;:&quot;&quot;,&quot;right&quot;:&quot;&quot;,&quot;bottom&quot;:&quot;&quot;,&quot;left&quot;:&quot;&quot;,&quot;isLinked&quot;:true},&quot;element_pack_global_tooltip_padding_tablet_extra&quot;:{&quot;unit&quot;:&quot;px&quot;,&quot;top&quot;:&quot;&quot;,&quot;right&quot;:&quot;&quot;,&quot;bottom&quot;:&quot;&quot;,&quot;left&quot;:&quot;&quot;,&quot;isLinked&quot;:true},&quot;element_pack_global_tooltip_padding_tablet&quot;:{&quot;unit&quot;:&quot;px&quot;,&quot;top&quot;:&quot;&quot;,&quot;right&quot;:&quot;&quot;,&quot;bottom&quot;:&quot;&quot;,&quot;left&quot;:&quot;&quot;,&quot;isLinked&quot;:true},&quot;element_pack_global_tooltip_padding_mobile&quot;:{&quot;unit&quot;:&quot;px&quot;,&quot;top&quot;:&quot;&quot;,&quot;right&quot;:&quot;&quot;,&quot;bottom&quot;:&quot;&quot;,&quot;left&quot;:&quot;&quot;,&quot;isLinked&quot;:true},&quot;element_pack_global_tooltip_border_radius&quot;:{&quot;unit&quot;:&quot;px&quot;,&quot;top&quot;:&quot;&quot;,&quot;right&quot;:&quot;&quot;,&quot;bottom&quot;:&quot;&quot;,&quot;left&quot;:&quot;&quot;,&quot;isLinked&quot;:true},&quot;element_pack_global_tooltip_border_radius_laptop&quot;:{&quot;unit&quot;:&quot;px&quot;,&quot;top&quot;:&quot;&quot;,&quot;right&quot;:&quot;&quot;,&quot;bottom&quot;:&quot;&quot;,&quot;left&quot;:&quot;&quot;,&quot;isLinked&quot;:true},&quot;element_pack_global_tooltip_border_radius_tablet_extra&quot;:{&quot;unit&quot;:&quot;px&quot;,&quot;top&quot;:&quot;&quot;,&quot;right&quot;:&quot;&quot;,&quot;bottom&quot;:&quot;&quot;,&quot;left&quot;:&quot;&quot;,&quot;isLinked&quot;:true},&quot;element_pack_global_tooltip_border_radius_tablet&quot;:{&quot;unit&quot;:&quot;px&quot;,&quot;top&quot;:&quot;&quot;,&quot;right&quot;:&quot;&quot;,&quot;bottom&quot;:&quot;&quot;,&quot;left&quot;:&quot;&quot;,&quot;isLinked&quot;:true},&quot;element_pack_global_tooltip_border_radius_mobile&quot;:{&quot;unit&quot;:&quot;px&quot;,&quot;top&quot;:&quot;&quot;,&quot;right&quot;:&quot;&quot;,&quot;bottom&quot;:&quot;&quot;,&quot;left&quot;:&quot;&quot;,&quot;isLinked&quot;:true}}\" data-elementor-post-type=\"page\">\n\t\t\t\t<div class=\"elementor-element elementor-element-74b9816 e-flex e-con-boxed e-con e-parent\" data-id=\"74b9816\" data-element_type=\"container\" data-e-type=\"container\">\n\t\t\t\t\t<div class=\"e-con-inner\">\n\t\t\t\t<div class=\"elementor-element elementor-element-7a147ef elementor-widget elementor-widget-heading\" data-id=\"7a147ef\" data-element_type=\"widget\" data-e-type=\"widget\" data-widget_type=\"heading.default\">\n\t\t\t\t\t<h2 class=\"elementor-heading-title elementor-size-default\">General Terms and Conditions for Participation in the ZukunfsForum Edelmetalle<\/h2>\t\t\t\t<\/div>\n\t\t\t\t<div class=\"elementor-element elementor-element-5b9987b elementor-widget elementor-widget-text-editor\" data-id=\"5b9987b\" data-element_type=\"widget\" data-e-type=\"widget\" data-widget_type=\"text-editor.default\">\n\t\t\t\t\t\t\t\t\t<p>1. contract<\/p><p>1.1 For the Zukun.sForum Edelmetalle der<\/p><p>Fragold Connect GmbH<\/p><p>Blumenweg 28<\/p><p>63128 Dietzenbach<\/p><p>E-mail: service@fragold-connect.de<\/p><p>The following General Terms and Conditions shall apply exclusively in the version valid at the time of<\/p><p>version valid at the time of conclusion of the contract. Terms and conditions deviating from these conditions<\/p><p>of contractual partners are not valid.<\/p><p>Exhibitors at the Zukun.sForum Edelmetalle are subject to the special exhibition conditions in<\/p><p>in the version valid at the time the contract is concluded.<\/p><p>2. registration \/ confirmation of registration<\/p><p>2.1 Registration for the event takes place via the website www.zukun.sforum-edelmetalle.de<\/p><p>using WooCommerce \/ FooEvents. The offers of the organizer only represent<\/p><p>represents a non-binding invitation to conclude a contract. The registration is a<\/p><p>binding offer to conclude a contract for participation in the event. The contract<\/p><p>comes into effect when the organizer sends a confirmation of registration. The dispatch of the<\/p><p>The invoice also serves as confirmation of registration.<\/p><p>2.2 Binding registration via the Internet only takes place when the corresponding BuXon<\/p><p>and these GTC are recognized in the process. The content of the concluded contract is<\/p><p>the registration confirmation and the GTC sent to you, which can also be downloaded from the Internet at any time,<\/p><p>visible.<\/p><p>2.3 There is no general entitlement to participate; the organizer reserves the right to refuse admission.<\/p><p>for participation in individual cases. The organizer is also entitled to refuse participants in special cases,<\/p><p>z. e.g. in the event of late payment, disruption of the event, etc., from further participation.<\/p><p>In the event of exclusion, the participant is not entitled to a reduction.<\/p><p>2.4 In the event of overbooking, the applicant will be informed immediately; a contract is concluded in<\/p><p>not materialize in this case.<\/p><p>3. services and prices<\/p><p>3.1 The scope of services and venue are set out in the respective<\/p><p>Event description of the organizer. With regard to the content and course of an event<\/p><p>We reserve the right to make minor deviations from the event description; this includes<\/p><p>also the change of venue within the same location. Furthermore<\/p><p>The organizer reserves the right to cancel announced events for important organizational or factual reasons.<\/p><p>\u00a0<\/p><p>speakers with others. With all changes, the overall character of the<\/p><p>event is preserved.<\/p><p>3.2 The course language is generally German, exceptions are possible, so that some<\/p><p>Specialist forums, presentations etc. will be held in English. They will not be interpreted.<\/p><p>3.3 Participation is subject to a fee. The participation fees are per participant<\/p><p>and event. Unless otherwise stated, the participation fees include the following costs<\/p><p>for the organization of the event (speakers' fees, costs for event rooms,<\/p><p>technical equipment, drinks during breaks, MiXa meals, event documents). Unless otherwise agreed,<\/p><p>In particular, travel, accommodation and catering costs are not included in the participation fee.<\/p><p>These are to be booked by the participant and agreed directly with the respective contractual partner.<\/p><p>to be settled.<\/p><p>3.4 All prices quoted for participation in the events are in euros.<\/p><p>All prices quoted, unless expressly indicated otherwise, are NeXo prices<\/p><p>plus the statutory value added tax. Errors with regard to prices are reserved.<\/p><p>3.5 Payment of the participation fee shall be made on the basis of the agreed<\/p><p>payment modalities and the invoice issued by the organizer. The stated<\/p><p>The total price of the invoice (neXo, plus VAT) is payable immediately via the<\/p><p>Payment method payable by bank transfer within 10 days, without deduction.<\/p><p>4 Cancellations by the participant<\/p><p>4.1 Cancellation of participation is not possible.<\/p><p>4.2 The nomination of a substitute participant is free of charge up to 14 days before the start of the event<\/p><p>possible.<\/p><p>4.3 Participant representations require the text form and are only valid with written confirmation.<\/p><p>The substitution of a registered person is to be reported to the organizer prior to the event.<\/p><p>in Texlorm before the date of the event, otherwise there is no entitlement to participation.<\/p><p>In emergency cases, e.g. if the participant is ill, a telephone replacement can be notified.<\/p><p>The participant bears the burden of proof for the timely receipt of the change.<\/p><p>5. cancellation by organizer<\/p><p>The organizer reserves the right to relocate the entire event or individual parts thereof.<\/p><p>and \/ or postpone, change or even cancel at short notice.<\/p><p>In particular, the organizer is entitled to cancel the event due to insufficient demand or<\/p><p>number of participants (at the latest 7 days before the planned start of the event) or for other reasons<\/p><p>important reasons for which it is not responsible (e.g. sudden illness of speakers,<\/p><p>\u00a0<\/p><p>force majeure) without complying with the deadline. The organizer is then obliged to inform the<\/p><p>Participants shall be refunded any fees already paid. Further liability and<\/p><p>Claims for damages that do not relate to injury to life, limb or health are excluded.<\/p><p>excluded unless the organizer and its vicarious agents have acted with intent or gross negligence.<\/p><p>are responsible for negligence.<\/p><p>Cancellations of events can be communicated to the participant in writing, by telephone or by e-mail.<\/p><p>become.<\/p><p>6. ha.ung<\/p><p>6.1 Participation in the face-to-face events is at your own risk.<\/p><p>6.2 The organizer is not liable for damages resulting from accidents, damage, loss or theft,<\/p><p>in particular also not for consequential damages (e.g. loss of profit, compensation for wasted<\/p><p>expenses, etc.) arising from the event, unless these are due to willful misconduct.<\/p><p>or gross negligence on the part of the organizer or its legal representatives and<\/p><p>vicarious agents or caused by a breach of an essential contractual obligation.<\/p><p>is. Material contractual obligations are obligations whose fulfillment is essential for the proper performance of the contract.<\/p><p>of the contract in the first place and on compliance with which the contractual partner regularly<\/p><p>and the breach of which, on the other hand, jeopardizes the achievement of the purpose of the contract.<\/p><p>at risk.<\/p><p>6.3 Ha.et the organizer according to clause 6.2 for the breach of an essential contractual obligation,<\/p><p>without gross negligence or willful misconduct on his part, his liability is limited to the<\/p><p>damage typical for the contract, with the occurrence of which the organizer is<\/p><p>based on the circumstances known to him at the time.<\/p><p>6.4 Ha.et the organizer in accordance with section 6.2 or section 6.3 for gross negligence or intent on the part of<\/p><p>Employees who are not managing directors or executives of the organizer are not entitled to the<\/p><p>The organizer's liability is also limited to the maximum amount stated in section 6.3.<\/p><p>6.5 The exclusion or limitation of claims in accordance with the above clauses shall also apply to<\/p><p>for claims of the participant against employees and agents of the organizer, in particular<\/p><p>Speakers and suppliers as well as service providers.<\/p><p>6.6 No-fault claims for damages as well as claims due to the violation of<\/p><p>The provisions of the German Product Liability Act (Produktha.unggesetz) remain unaffected.<\/p><p>above shall remain unaffected.<\/p><p>7. copyrights \/ rights of use<\/p><p>7.1 All event documents are protected by copyright.<\/p><p>Participants are exclusively granted a simple, non-transferable right of use for the<\/p><p>personal use. Participants and third parties are not permitted to use the<\/p><p>\u00a0<\/p><p>In particular, the organizer is not permitted to publish the conference documents - even excerpts - in terms of content.<\/p><p>or edacPonally or to use modified versions, to copy them for driXes,<\/p><p>make it publicly accessible or forward it to the Internet or other networks<\/p><p>for a fee or free of charge, imitate them, resell them or use them for<\/p><p>commercial purposes. Any copyright notices, marks or trademarks<\/p><p>must not be unlearned.<\/p><p>7.2 The content of the event will be provided by competent and qualified moderators and<\/p><p>The event is designed, prepared and carried out by the speakers. However, the organizer cannot<\/p><p>responsibility or liability for the accuracy, timeliness and completeness of the<\/p><p>The student is responsible for the event documents and the content covered in the events.<\/p><p>8. exhibition \/ sponsoring<\/p><p>The condiPons of any trade exhibiPon \/ sponsorship accompanying the event are as follows<\/p><p>regulated in the corresponding GTC or in the individual contracts.<\/p><p>9. writing requirement, applicable law, place of jurisdiction and place of performance<\/p><p>9.1 Deviations from these Terms and Conditions of Business and Participation shall only be effective if<\/p><p>of the written form. The same applies with regard to the waiver of the writing requirement. This applies<\/p><p>not if the customer is a consumer (i.e. a natural person who enters into a legal transaction for a legal purpose).<\/p><p>purposes which are neither commercial nor their independent professional activity.<\/p><p>can be attributed).<\/p><p>9.2 If individual provisions of these General Terms and Conditions of Business and\/or the<\/p><p>of the contract supplemented by them is invalid, this shall not affect the validity of the other<\/p><p>provisions shall not be affected, and the contract and these General Terms and Conditions shall remain unaffected.<\/p><p>otherwise effective for both parties.<\/p><p>9.3 The contract is subject to German law to the exclusion of the UN Convention on Contracts for the International Sale of Goods (CISG).<\/p><p>9.4 If the participant is a merchant within the meaning of the German Commercial Code, a legal person of the<\/p><p>public law or a special fund under public law, the exclusive place of jurisdiction is<\/p><p>The place of jurisdiction for all disputes arising directly or indirectly from the contractual relationship shall be<\/p><p>StriPgies Offenbach.<\/p><p>9.5 The participant shall only have a right of set-off if his counterclaims are<\/p><p>legally established or are undisputed or recognized by the organizer. In addition, the<\/p><p>participant has a right of retention only if and to the extent that his counterclaim is based on the<\/p><p>is based on the same contractual relationship.<\/p><p>\u00a0<\/p><p>10. right of withdrawal for consumers<\/p><p>The following right of withdrawal only applies to private individuals \/ consumers as defined by \u00a7 13 BGB (German Civil Code)<\/p><p>and therefore does not apply to contracts concluded by entrepreneurs within the meaning of \u00a7 14 BGB within the scope of<\/p><p>their commercial or self-employed professional activity with the organizer<\/p><p>become.<\/p><p>Cancellation policy<\/p><p>Right of withdrawal<\/p><p>Participants have the right to cancel this contract within 14 days without giving reasons.<\/p><p>revoked.<\/p><p>The withdrawal period is 14 days from the date of conclusion of the contract.<\/p><p>To exercise the right of withdrawal, the participant must inform the organizer<\/p><p>Fragold Connect GmbH<\/p><p>Blumenweg 28<\/p><p>63128 Dietzenbach<\/p><p>E-mail: service@fragold-connect.de<\/p><p>\u00a0<\/p><p>by means of an unambiguous declaration (e.g. a registered letter or e-mail sent by post).<\/p><p>e-mail) of his decision to withdraw from this contract. The participant can<\/p><p>\u00a0<\/p><p>use the attached model withdrawal form, although this is not mandatory.<\/p><p>In order to comply with the withdrawal period, it is sufficient for the participant to notify us of the exercise of the right of withdrawal.<\/p><p>of the right of withdrawal before the expiry of the withdrawal period.<\/p><p>Consequences of revocation<\/p><p>If the participant cancels this contract, the organizer must pay the participant all payments,<\/p><p>received from the participant, including any delivery costs incurred, without delay.<\/p><p>and at the latest within fourteen days from the day on which the notification of the<\/p><p>revocation of this contract has been received by the organizer. For this repayment, the<\/p><p>The organizer will use the same payment method that the participant used for the original transacPon.<\/p><p>unless expressly agreed otherwise; in no case shall the<\/p><p>the participant will be charged fees for this repayment.<\/p><p>If the participant has requested that the services\/events be provided during the withdrawal period<\/p><p>or start the services\/events booked by the participant<\/p><p>during the withdrawal period, the participant must pay the organizer a reasonable amount of money.<\/p><p>which corresponds to the portion of the fees paid by the participant up to the point in time at which the respective organizer<\/p><p>of the exercise of the right of withdrawal with regard to this contract, has already<\/p><p>services\/events provided compared to the total scope of the services\/events specified in the contract.<\/p><p>services\/events provided.<\/p><p>Sample withdrawal form<\/p><p>\u00a0<\/p><p>(If the participant wishes to withdraw from the contract, he can fill out this form and send it to<\/p><p>to the organizer):<\/p><p>Fragold Connect GmbH<\/p><p>Blumenweg 28<\/p><p>63128 Dietzenbach<\/p><p>E-mail: service@fragold-connect.de<\/p><p>I\/we hereby revoke the contract concluded by me\/us for participation in the<\/p><p>Zunkun.sForum Precious Metals<\/p><p>Booked on<\/p><p>Name of the consumer(s)<\/p><p>Address of the consumer(s)<\/p><p>Signature of the consumer(s) (only for notification on paper)<\/p><p>Date<\/p><p>\u00a0<\/p><p>_________________<\/p><p>(*) Delete as appropriate.<\/p><p>\u00a0<\/p><p>11. data protection<\/p><p>11.1 The organizer protects the personal data of the participants. During the collection,<\/p><p>The processing and use of the customer's personal data is subject to the provisions of the<\/p><p>applicable data protection law.<\/p><p>The organizer processes and uses the data for contract fulfilment and invoicing,<\/p><p>customer service and, if the participant has consented or the respective organizer and<\/p><p>Co-organizer is legally entitled to use the data from their respective<\/p><p>Business area. In addition, the organizer shall inform the participants, irrespective of a<\/p><p>express consent to be informed about own and similar offers or services by e-mail.<\/p><p>in accordance with a balancing of interests pursuant to Art. 6 para. 1 f GDPR. The participants can object to the<\/p><p>use of their data at any time in writing to<\/p><p>Fragold Connect GmbH<\/p><p>Blumenweg 28<\/p><p>63128 Dietzenbach<\/p><p>E-mail: service@fragold-connect.de<\/p><p>(please provide the e-mail address and the name under which you wish to object).<\/p><p>objecting party is registered \/ logged in). The data may also be sent for the aforementioned purposes to<\/p><p>service providers (contract processors).<\/p><p>\u00a0<\/p><p>11.2 A list of the registered participants (company, first name, last name, last name of the participant) will be published on \/ before the event.<\/p><p>and surname, posiPon, place) will be made available to all parPcipants. With the registration you declare<\/p><p>\u00a0<\/p><p>The participant agrees to the publication of this data on the list of participants. The<\/p><p>However, participants can object to the publication during the registration process or<\/p><p>limit the scope of the published data.<\/p><p>The participant has the right at any time after the booked event to<\/p><p>deletion or rectification of the data stored about him\/her for the performance of the contract. The<\/p><p>Participants may at any time object to the processing or use of their data for advertising or marketing purposes.<\/p><p>object to market or opinion research. There are no costs for this other than the<\/p><p>OvermeXng costs according to the basic tariffs.<\/p><p>11.3 The Organizer's current data protection informaPon can be found at<\/p><p>hXps:\/\/www.zukun.sforum-edelmetalle.de<\/p><p>12. image and video recordings<\/p><p>As part of the event, the organizer or authorized or accrediPted persons shall<\/p><p>and service providers for informaPon and advertising purposes. With the<\/p><p>By registering, the participant agrees to the free production and distribution of this document.<\/p><p>recordings on the website, in the print media and social media as well as for other<\/p><p>Information and advertising purposes of the organizer as well as the sponsors and partners of the<\/p><p>event.<\/p><p>All image and publication rights are held by the organizer. Image, video or sound recordings<\/p><p>of the participants within the framework of the event require prior written consent in any case.<\/p><p>consent of the organizer. The same applies to any subsequent use of image or video material.<\/p><p>Sound recordings of the event that are not exclusively for private purposes.<\/p><p>For recordings made by DriXen - e.g. partners, exhibitors and participants, etc. and<\/p><p>published, the organizer bears no responsibility.<\/p><p>13. out-of-court dispute resolution and notice pursuant to \u00a7 36 VSBG<\/p><p>The European Commission provides<\/p><p>under hXp:\/\/ec.europa.eu\/consumers\/odr\/ or hXps:\/\/webgate.ec.europa.eu\/odr a Plaborm for the<\/p><p>out-of-court online dispute resolution (so-called OS-Plaborm). The organizer points out<\/p><p>that he is authorized to participate in a dispute resolution procedure before a<\/p><p>consumer arbitration board and is not obliged to participate in a dispute resolution procedure before a<\/p><p>consumer arbitration board does not participate.<\/p><p>Status July 2024<\/p>\t\t\t\t\t\t\t\t<\/div>\n\t\t\t\t\t<\/div>\n\t\t\t\t<\/div>\n\t\t\t\t<\/div>","protected":false},"excerpt":{"rendered":"<p>Allgemeine Gesch\u00e4fsbedingungen f\u00fcr die Teilnahme am ZukunfsForum Edelmetalle 1. Vertrag 1.1 F\u00fcr das Zukun.sForum Edelmetalle der Fragold Connect GmbH Blumenweg 28 63128 Dietzenbach E-Mail: service@fragold-connect.de gelten ausschlie\u00dflich die nachfolgenden Allgemeinen Gesch\u00e4.sbedingungen in der zum Zeitpunkt des Vertragsschlusses g\u00fclPgen Fassung. Von diesen Bedingungen abweichende Gesch\u00e4.sbedingungen von Vertragspartnern haben keine G\u00fclPgkeit. F\u00fcr Aussteller des Zukun.sForum Edelmetalle gelten [&hellip;]<\/p>\n","protected":false},"author":9,"featured_media":0,"parent":0,"menu_order":20,"comment_status":"closed","ping_status":"closed","template":"full-width.php","meta":{"_acf_changed":false,"footnotes":""},"class_list":["post-7121","page","type-page","status-publish","hentry"],"acf":[],"_links":{"self":[{"href":"https:\/\/zukunftsforum-edelmetalle.de\/en\/wp-json\/wp\/v2\/pages\/7121","targetHints":{"allow":["GET"]}}],"collection":[{"href":"https:\/\/zukunftsforum-edelmetalle.de\/en\/wp-json\/wp\/v2\/pages"}],"about":[{"href":"https:\/\/zukunftsforum-edelmetalle.de\/en\/wp-json\/wp\/v2\/types\/page"}],"author":[{"embeddable":true,"href":"https:\/\/zukunftsforum-edelmetalle.de\/en\/wp-json\/wp\/v2\/users\/9"}],"replies":[{"embeddable":true,"href":"https:\/\/zukunftsforum-edelmetalle.de\/en\/wp-json\/wp\/v2\/comments?post=7121"}],"version-history":[{"count":0,"href":"https:\/\/zukunftsforum-edelmetalle.de\/en\/wp-json\/wp\/v2\/pages\/7121\/revisions"}],"wp:attachment":[{"href":"https:\/\/zukunftsforum-edelmetalle.de\/en\/wp-json\/wp\/v2\/media?parent=7121"}],"curies":[{"name":"wp","href":"https:\/\/api.w.org\/{rel}","templated":true}]}}