{"id":13937,"date":"2026-02-06T13:48:15","date_gmt":"2026-02-06T13:48:15","guid":{"rendered":"https:\/\/zukunftsforum-edelmetalle.de\/?page_id=13937"},"modified":"2026-03-18T13:37:02","modified_gmt":"2026-03-18T13:37:02","slug":"guw_gewinnspiel","status":"publish","type":"page","link":"https:\/\/zukunftsforum-edelmetalle.de\/en\/guw_gewinnspiel\/","title":{"rendered":"Gold &amp; Weiss competition"},"content":{"rendered":"\t\t<div data-elementor-type=\"wp-post\" data-elementor-id=\"13937\" class=\"elementor elementor-13937\" data-elementor-settings=\"{&quot;element_pack_global_tooltip_width&quot;:{&quot;unit&quot;:&quot;px&quot;,&quot;size&quot;:&quot;&quot;,&quot;sizes&quot;:[]},&quot;element_pack_global_tooltip_width_laptop&quot;:{&quot;unit&quot;:&quot;px&quot;,&quot;size&quot;:&quot;&quot;,&quot;sizes&quot;:[]},&quot;element_pack_global_tooltip_width_tablet_extra&quot;:{&quot;unit&quot;:&quot;px&quot;,&quot;size&quot;:&quot;&quot;,&quot;sizes&quot;:[]},&quot;element_pack_global_tooltip_width_tablet&quot;:{&quot;unit&quot;:&quot;px&quot;,&quot;size&quot;:&quot;&quot;,&quot;sizes&quot;:[]},&quot;element_pack_global_tooltip_width_mobile&quot;:{&quot;unit&quot;:&quot;px&quot;,&quot;size&quot;:&quot;&quot;,&quot;sizes&quot;:[]},&quot;element_pack_global_tooltip_padding&quot;:{&quot;unit&quot;:&quot;px&quot;,&quot;top&quot;:&quot;&quot;,&quot;right&quot;:&quot;&quot;,&quot;bottom&quot;:&quot;&quot;,&quot;left&quot;:&quot;&quot;,&quot;isLinked&quot;:true},&quot;element_pack_global_tooltip_padding_laptop&quot;:{&quot;unit&quot;:&quot;px&quot;,&quot;top&quot;:&quot;&quot;,&quot;right&quot;:&quot;&quot;,&quot;bottom&quot;:&quot;&quot;,&quot;left&quot;:&quot;&quot;,&quot;isLinked&quot;:true},&quot;element_pack_global_tooltip_padding_tablet_extra&quot;:{&quot;unit&quot;:&quot;px&quot;,&quot;top&quot;:&quot;&quot;,&quot;right&quot;:&quot;&quot;,&quot;bottom&quot;:&quot;&quot;,&quot;left&quot;:&quot;&quot;,&quot;isLinked&quot;:true},&quot;element_pack_global_tooltip_padding_tablet&quot;:{&quot;unit&quot;:&quot;px&quot;,&quot;top&quot;:&quot;&quot;,&quot;right&quot;:&quot;&quot;,&quot;bottom&quot;:&quot;&quot;,&quot;left&quot;:&quot;&quot;,&quot;isLinked&quot;:true},&quot;element_pack_global_tooltip_padding_mobile&quot;:{&quot;unit&quot;:&quot;px&quot;,&quot;top&quot;:&quot;&quot;,&quot;right&quot;:&quot;&quot;,&quot;bottom&quot;:&quot;&quot;,&quot;left&quot;:&quot;&quot;,&quot;isLinked&quot;:true},&quot;element_pack_global_tooltip_border_radius&quot;:{&quot;unit&quot;:&quot;px&quot;,&quot;top&quot;:&quot;&quot;,&quot;right&quot;:&quot;&quot;,&quot;bottom&quot;:&quot;&quot;,&quot;left&quot;:&quot;&quot;,&quot;isLinked&quot;:true},&quot;element_pack_global_tooltip_border_radius_laptop&quot;:{&quot;unit&quot;:&quot;px&quot;,&quot;top&quot;:&quot;&quot;,&quot;right&quot;:&quot;&quot;,&quot;bottom&quot;:&quot;&quot;,&quot;left&quot;:&quot;&quot;,&quot;isLinked&quot;:true},&quot;element_pack_global_tooltip_border_radius_tablet_extra&quot;:{&quot;unit&quot;:&quot;px&quot;,&quot;top&quot;:&quot;&quot;,&quot;right&quot;:&quot;&quot;,&quot;bottom&quot;:&quot;&quot;,&quot;left&quot;:&quot;&quot;,&quot;isLinked&quot;:true},&quot;element_pack_global_tooltip_border_radius_tablet&quot;:{&quot;unit&quot;:&quot;px&quot;,&quot;top&quot;:&quot;&quot;,&quot;right&quot;:&quot;&quot;,&quot;bottom&quot;:&quot;&quot;,&quot;left&quot;:&quot;&quot;,&quot;isLinked&quot;:true},&quot;element_pack_global_tooltip_border_radius_mobile&quot;:{&quot;unit&quot;:&quot;px&quot;,&quot;top&quot;:&quot;&quot;,&quot;right&quot;:&quot;&quot;,&quot;bottom&quot;:&quot;&quot;,&quot;left&quot;:&quot;&quot;,&quot;isLinked&quot;:true}}\" data-elementor-post-type=\"page\">\n\t\t\t\t<div class=\"elementor-element elementor-element-8c2f438 e-con-full e-flex e-con e-parent\" data-id=\"8c2f438\" data-element_type=\"container\" data-e-type=\"container\" data-settings=\"{&quot;background_background&quot;:&quot;classic&quot;}\">\n\t\t\t\t<div class=\"elementor-element elementor-element-0398328 elementor-widget elementor-widget-heading\" data-id=\"0398328\" data-element_type=\"widget\" data-e-type=\"widget\" data-widget_type=\"heading.default\">\n\t\t\t\t\t<h1 class=\"elementor-heading-title elementor-size-default\">Goldbarren zu gewinnen<\/h1>\t\t\t\t<\/div>\n\t\t\t\t<\/div>\n\t\t<div class=\"elementor-element elementor-element-043c1f0 e-flex e-con-boxed e-con e-parent\" data-id=\"043c1f0\" data-element_type=\"container\" data-e-type=\"container\">\n\t\t\t\t\t<div class=\"e-con-inner\">\n\t\t\t\t<div class=\"elementor-element elementor-element-d18bcee elementor-widget elementor-widget-spacer\" data-id=\"d18bcee\" data-element_type=\"widget\" data-e-type=\"widget\" data-widget_type=\"spacer.default\">\n\t\t\t\t\t\t\t<div class=\"elementor-spacer\">\n\t\t\t<div class=\"elementor-spacer-inner\"><\/div>\n\t\t<\/div>\n\t\t\t\t\t\t<\/div>\n\t\t\t\t<div class=\"elementor-element elementor-element-5a14a2b animated-slow elementor-invisible elementor-widget elementor-widget-heading\" data-id=\"5a14a2b\" data-element_type=\"widget\" data-e-type=\"widget\" data-settings=\"{&quot;_animation&quot;:&quot;fadeIn&quot;}\" data-widget_type=\"heading.default\">\n\t\t\t\t\t<h6 class=\"elementor-heading-title elementor-size-default\">JETZT MITMACHEN UND 2 GRAMM, 5 GRAMM ODER 10 GRAMM GOLD GEWINNEN!<\/h6>\t\t\t\t<\/div>\n\t\t\t\t\t<\/div>\n\t\t\t\t<\/div>\n\t\t<div class=\"elementor-element elementor-element-5a2dfcb e-flex e-con-boxed e-con e-parent\" data-id=\"5a2dfcb\" data-element_type=\"container\" data-e-type=\"container\">\n\t\t\t\t\t<div class=\"e-con-inner\">\n\t\t<div class=\"elementor-element elementor-element-9603410 e-con-full e-flex e-con e-child\" data-id=\"9603410\" data-element_type=\"container\" data-e-type=\"container\">\n\t\t\t\t<div class=\"elementor-element elementor-element-42207e3 elementor-widget elementor-widget-image\" data-id=\"42207e3\" data-element_type=\"widget\" data-e-type=\"widget\" data-widget_type=\"image.default\">\n\t\t\t\t\t\t\t\t\t\t\t\t\t\t\t<img fetchpriority=\"high\" decoding=\"async\" width=\"1024\" height=\"768\" src=\"https:\/\/zukunftsforum-edelmetalle.de\/wp-content\/uploads\/2026\/02\/c-hafner-goldbarren-10g-1024x768.jpg\" class=\"attachment-large size-large wp-image-14052\" alt=\"\" srcset=\"https:\/\/zukunftsforum-edelmetalle.de\/wp-content\/uploads\/2026\/02\/c-hafner-goldbarren-10g-1024x768.jpg 1024w, https:\/\/zukunftsforum-edelmetalle.de\/wp-content\/uploads\/2026\/02\/c-hafner-goldbarren-10g-300x225.jpg 300w, https:\/\/zukunftsforum-edelmetalle.de\/wp-content\/uploads\/2026\/02\/c-hafner-goldbarren-10g-768x576.jpg 768w, https:\/\/zukunftsforum-edelmetalle.de\/wp-content\/uploads\/2026\/02\/c-hafner-goldbarren-10g-16x12.jpg 16w, https:\/\/zukunftsforum-edelmetalle.de\/wp-content\/uploads\/2026\/02\/c-hafner-goldbarren-10g-600x450.jpg 600w, https:\/\/zukunftsforum-edelmetalle.de\/wp-content\/uploads\/2026\/02\/c-hafner-goldbarren-10g.jpg 1500w\" sizes=\"(max-width: 1024px) 100vw, 1024px\" \/>\t\t\t\t\t\t\t\t\t\t\t\t\t\t\t<\/div>\n\t\t\t\t<\/div>\n\t\t<div class=\"elementor-element elementor-element-5a2c94c e-con-full e-flex e-con e-child\" data-id=\"5a2c94c\" data-element_type=\"container\" data-e-type=\"container\">\n\t\t\t\t<div class=\"elementor-element elementor-element-c81f4a3 elementor-widget elementor-widget-image\" data-id=\"c81f4a3\" data-element_type=\"widget\" data-e-type=\"widget\" data-widget_type=\"image.default\">\n\t\t\t\t\t\t\t\t\t\t\t\t\t\t\t<img decoding=\"async\" width=\"1024\" height=\"768\" src=\"https:\/\/zukunftsforum-edelmetalle.de\/wp-content\/uploads\/2026\/02\/c-hafner-goldbarren-5g-1024x768.jpg\" class=\"attachment-large size-large wp-image-14051\" alt=\"\" srcset=\"https:\/\/zukunftsforum-edelmetalle.de\/wp-content\/uploads\/2026\/02\/c-hafner-goldbarren-5g-1024x768.jpg 1024w, https:\/\/zukunftsforum-edelmetalle.de\/wp-content\/uploads\/2026\/02\/c-hafner-goldbarren-5g-300x225.jpg 300w, https:\/\/zukunftsforum-edelmetalle.de\/wp-content\/uploads\/2026\/02\/c-hafner-goldbarren-5g-768x576.jpg 768w, https:\/\/zukunftsforum-edelmetalle.de\/wp-content\/uploads\/2026\/02\/c-hafner-goldbarren-5g-16x12.jpg 16w, https:\/\/zukunftsforum-edelmetalle.de\/wp-content\/uploads\/2026\/02\/c-hafner-goldbarren-5g-600x450.jpg 600w, https:\/\/zukunftsforum-edelmetalle.de\/wp-content\/uploads\/2026\/02\/c-hafner-goldbarren-5g.jpg 1500w\" sizes=\"(max-width: 1024px) 100vw, 1024px\" \/>\t\t\t\t\t\t\t\t\t\t\t\t\t\t\t<\/div>\n\t\t\t\t<\/div>\n\t\t<div class=\"elementor-element elementor-element-b10dcc2 e-con-full e-flex e-con e-child\" data-id=\"b10dcc2\" data-element_type=\"container\" data-e-type=\"container\">\n\t\t\t\t<div class=\"elementor-element elementor-element-448a34a elementor-widget elementor-widget-image\" data-id=\"448a34a\" data-element_type=\"widget\" data-e-type=\"widget\" data-widget_type=\"image.default\">\n\t\t\t\t\t\t\t\t\t\t\t\t\t\t\t<img decoding=\"async\" width=\"1024\" height=\"768\" src=\"https:\/\/zukunftsforum-edelmetalle.de\/wp-content\/uploads\/2026\/02\/c-hafner-goldbarren-2g-1024x768.jpg\" class=\"attachment-large size-large wp-image-14050\" alt=\"\" srcset=\"https:\/\/zukunftsforum-edelmetalle.de\/wp-content\/uploads\/2026\/02\/c-hafner-goldbarren-2g-1024x768.jpg 1024w, https:\/\/zukunftsforum-edelmetalle.de\/wp-content\/uploads\/2026\/02\/c-hafner-goldbarren-2g-300x225.jpg 300w, https:\/\/zukunftsforum-edelmetalle.de\/wp-content\/uploads\/2026\/02\/c-hafner-goldbarren-2g-768x576.jpg 768w, https:\/\/zukunftsforum-edelmetalle.de\/wp-content\/uploads\/2026\/02\/c-hafner-goldbarren-2g-16x12.jpg 16w, https:\/\/zukunftsforum-edelmetalle.de\/wp-content\/uploads\/2026\/02\/c-hafner-goldbarren-2g-600x450.jpg 600w, https:\/\/zukunftsforum-edelmetalle.de\/wp-content\/uploads\/2026\/02\/c-hafner-goldbarren-2g.jpg 1500w\" sizes=\"(max-width: 1024px) 100vw, 1024px\" \/>\t\t\t\t\t\t\t\t\t\t\t\t\t\t\t<\/div>\n\t\t\t\t<\/div>\n\t\t\t\t\t<\/div>\n\t\t\t\t<\/div>\n\t\t<div class=\"elementor-element elementor-element-5566551 e-flex e-con-boxed e-con e-parent\" data-id=\"5566551\" data-element_type=\"container\" data-e-type=\"container\">\n\t\t\t\t\t<div class=\"e-con-inner\">\n\t\t\t\t<div class=\"elementor-element elementor-element-0bba750 elementor-widget elementor-widget-text-editor\" data-id=\"0bba750\" data-element_type=\"widget\" data-e-type=\"widget\" data-widget_type=\"text-editor.default\">\n\t\t\t\t\t\t\t\t\t<p>Beim ZukunftsForum Edelmetalle k\u00f6nnen Sie nicht nur neue Erkenntnisse, Impulse oder Kontakte gewinnen &#8211; sondern auch echtes Gold: In Zusammenarbeit mit unserem Premium-Programm-Partner C.HAFNER k\u00f6nnen Sie sich einen von drei Goldbarren sichern. Daf\u00fcr m\u00fcssen Sie nur drei Fragen richtig beantworten &#8211; die Antworten finden Sie in der dritten Ausgabe unserer Zeitschrift GOLD &amp; WEISS, die am 13. M\u00e4rz als Beilage im Handelsblatt erscheint und auch <a href=\"https:\/\/zukunftsforum-edelmetalle.de\/gold-weiss\/\" target=\"_blank\" rel=\"noopener\"><span style=\"text-decoration: underline;\"><strong>hier<\/strong><\/span><\/a> schon digital verf\u00fcgbar ist<\/p>\t\t\t\t\t\t\t\t<\/div>\n\t\t\t\t\t<\/div>\n\t\t\t\t<\/div>\n\t\t<div class=\"elementor-element elementor-element-50c2f31 e-flex e-con-boxed e-con e-parent\" data-id=\"50c2f31\" data-element_type=\"container\" data-e-type=\"container\">\n\t\t\t\t\t<div class=\"e-con-inner\">\n\t\t<div class=\"elementor-element elementor-element-542d49f e-con-full e-flex e-con e-child\" data-id=\"542d49f\" data-element_type=\"container\" data-e-type=\"container\">\n\t\t\t\t<div class=\"elementor-element elementor-element-93ea5dd elementor-button-align-stretch elementor-widget elementor-widget-form\" data-id=\"93ea5dd\" data-element_type=\"widget\" data-e-type=\"widget\" data-settings=\"{&quot;button_width&quot;:&quot;25&quot;,&quot;step_next_label&quot;:&quot;N\\u00e4chste Frage&quot;,&quot;step_previous_label&quot;:&quot;Vorige Frage&quot;,&quot;step_type&quot;:&quot;number_text&quot;,&quot;step_icon_shape&quot;:&quot;circle&quot;}\" data-widget_type=\"form.default\">\n\t\t\t\t\t\t\t<form class=\"elementor-form\" method=\"post\" id=\"guw_Gewinnspiel\" name=\"Guw_Gewinnspiel\" aria-label=\"Guw_Gewinnspiel\">\n\t\t\t<input type=\"hidden\" name=\"post_id\" value=\"13937\"\/>\n\t\t\t<input type=\"hidden\" name=\"form_id\" value=\"93ea5dd\"\/>\n\t\t\t<input type=\"hidden\" name=\"referer_title\" value=\"\" \/>\n\n\t\t\t\n\t\t\t<div class=\"elementor-form-fields-wrapper elementor-labels-above\">\n\t\t\t\t\t\t\t\t<div class=\"elementor-field-type-step elementor-field-group elementor-column elementor-field-group-field_80c6420 elementor-col-100\">\n\t\t\t\t\t\t\t<div class=\"e-field-step elementor-hidden\" data-label=\"\" data-previousButton=\"\" data-nextButton=\"\" data-iconUrl=\"\" data-iconLibrary=\"fas fa-star\" data-icon=\"&lt;svg class=&quot;e-font-icon-svg e-fas-star&quot; viewBox=&quot;0 0 576 512&quot; xmlns=&quot;http:\/\/www.w3.org\/2000\/svg&quot;&gt;&lt;path d=&quot;M259.3 17.8L194 150.2 47.9 171.5c-26.2 3.8-36.7 36.1-17.7 54.6l105.7 103-25 145.5c-4.5 26.3 23.2 46 46.4 33.7L288 439.6l130.7 68.7c23.2 12.2 50.9-7.4 46.4-33.7l-25-145.5 105.7-103c19-18.5 8.5-50.8-17.7-54.6L382 150.2 316.7 17.8c-11.7-23.6-45.6-23.9-57.4 0z&quot;&gt;&lt;\/path&gt;&lt;\/svg&gt;\" ><\/div>\n\n\t\t\t\t\t\t<\/div>\n\t\t\t\t\t\t\t\t<div class=\"elementor-field-type-checkbox elementor-field-group elementor-column elementor-field-group-field_f5c6ab3 elementor-col-100\">\n\t\t\t\t\t\t\t\t\t\t\t\t<label for=\"form-field-field_f5c6ab3\" class=\"elementor-field-label\">\n\t\t\t\t\t\t\t\t<b>Wie hei\u00dft der Roman, in dem eine Figur auftaucht, die dem Industriellen Charles W. Engelhard Jr. stark \u00e4hnelt?<\/b>\t\t\t\t\t\t\t<\/label>\n\t\t\t\t\t\t<div class=\"elementor-field-subgroup  \"><span class=\"elementor-field-option\"><input type=\"checkbox\" value=\"James Bond\" id=\"form-field-field_f5c6ab3-0\" name=\"form_fields[field_f5c6ab3][]\"> <label for=\"form-field-field_f5c6ab3-0\">James Bond<\/label><\/span><span class=\"elementor-field-option\"><input type=\"checkbox\" value=\"Auric Goldfinger\" id=\"form-field-field_f5c6ab3-1\" name=\"form_fields[field_f5c6ab3][]\"> <label for=\"form-field-field_f5c6ab3-1\">Auric Goldfinger<\/label><\/span><span class=\"elementor-field-option\"><input type=\"checkbox\" value=\"Oddjob\" id=\"form-field-field_f5c6ab3-2\" name=\"form_fields[field_f5c6ab3][]\"> <label for=\"form-field-field_f5c6ab3-2\">Oddjob<\/label><\/span><\/div>\t\t\t\t<\/div>\n\t\t\t\t\t\t\t\t<div class=\"elementor-field-type-step elementor-field-group elementor-column elementor-field-group-field_d079a3a elementor-col-100\">\n\t\t\t\t\t\t\t<div class=\"e-field-step elementor-hidden\" data-label=\"\" data-previousButton=\"\" data-nextButton=\"\" data-iconUrl=\"\" data-iconLibrary=\"fas fa-star\" data-icon=\"&lt;svg class=&quot;e-font-icon-svg e-fas-star&quot; viewBox=&quot;0 0 576 512&quot; xmlns=&quot;http:\/\/www.w3.org\/2000\/svg&quot;&gt;&lt;path d=&quot;M259.3 17.8L194 150.2 47.9 171.5c-26.2 3.8-36.7 36.1-17.7 54.6l105.7 103-25 145.5c-4.5 26.3 23.2 46 46.4 33.7L288 439.6l130.7 68.7c23.2 12.2 50.9-7.4 46.4-33.7l-25-145.5 105.7-103c19-18.5 8.5-50.8-17.7-54.6L382 150.2 316.7 17.8c-11.7-23.6-45.6-23.9-57.4 0z&quot;&gt;&lt;\/path&gt;&lt;\/svg&gt;\" ><\/div>\n\n\t\t\t\t\t\t<\/div>\n\t\t\t\t\t\t\t\t<div class=\"elementor-field-type-checkbox elementor-field-group elementor-column elementor-field-group-field_9108e78 elementor-col-100\">\n\t\t\t\t\t\t\t\t\t\t\t\t<label for=\"form-field-field_9108e78\" class=\"elementor-field-label\">\n\t\t\t\t\t\t\t\t<b>Wie lautet die h\u00f6chste unterj\u00e4hrige Preisprognose fu\u0308r Gold in US-Dollar im Jahr 2026 beim diesj\u00e4hrigen \u201eLBMA Annual Precious Metals Forecast Survey\u201c (in US-Dollar)?<\/b>\t\t\t\t\t\t\t<\/label>\n\t\t\t\t\t\t<div class=\"elementor-field-subgroup  \"><span class=\"elementor-field-option\"><input type=\"checkbox\" value=\"6.500 USD\" id=\"form-field-field_9108e78-0\" name=\"form_fields[field_9108e78][]\"> <label for=\"form-field-field_9108e78-0\">6.500 USD<\/label><\/span><span class=\"elementor-field-option\"><input type=\"checkbox\" value=\"7400 USD\" id=\"form-field-field_9108e78-1\" name=\"form_fields[field_9108e78][]\"> <label for=\"form-field-field_9108e78-1\">7400 USD<\/label><\/span><span class=\"elementor-field-option\"><input type=\"checkbox\" value=\"7.150 USD\" id=\"form-field-field_9108e78-2\" name=\"form_fields[field_9108e78][]\"> <label for=\"form-field-field_9108e78-2\">7.150 USD<\/label><\/span><\/div>\t\t\t\t<\/div>\n\t\t\t\t\t\t\t\t<div class=\"elementor-field-type-step elementor-field-group elementor-column elementor-field-group-field_6db24e7 elementor-col-100\">\n\t\t\t\t\t\t\t<div class=\"e-field-step elementor-hidden\" data-label=\"\" data-previousButton=\"\" data-nextButton=\"\" data-iconUrl=\"\" data-iconLibrary=\"fas fa-star\" data-icon=\"&lt;svg class=&quot;e-font-icon-svg e-fas-star&quot; viewBox=&quot;0 0 576 512&quot; xmlns=&quot;http:\/\/www.w3.org\/2000\/svg&quot;&gt;&lt;path d=&quot;M259.3 17.8L194 150.2 47.9 171.5c-26.2 3.8-36.7 36.1-17.7 54.6l105.7 103-25 145.5c-4.5 26.3 23.2 46 46.4 33.7L288 439.6l130.7 68.7c23.2 12.2 50.9-7.4 46.4-33.7l-25-145.5 105.7-103c19-18.5 8.5-50.8-17.7-54.6L382 150.2 316.7 17.8c-11.7-23.6-45.6-23.9-57.4 0z&quot;&gt;&lt;\/path&gt;&lt;\/svg&gt;\" ><\/div>\n\n\t\t\t\t\t\t<\/div>\n\t\t\t\t\t\t\t\t<div class=\"elementor-field-type-checkbox elementor-field-group elementor-column elementor-field-group-F2 elementor-col-100\">\n\t\t\t\t\t\t\t\t\t\t\t\t<label for=\"form-field-F2\" class=\"elementor-field-label\">\n\t\t\t\t\t\t\t\t<b>Welches Land zahlt die Preisgelder fu\u0308r seine Olympia- Medaillengewinner in Anlagemu\u0308nzen aus?<\/b>\t\t\t\t\t\t\t<\/label>\n\t\t\t\t\t\t<div class=\"elementor-field-subgroup  \"><span class=\"elementor-field-option\"><input type=\"checkbox\" value=\"\u00d6sterreich\" id=\"form-field-F2-0\" name=\"form_fields[F2][]\"> <label for=\"form-field-F2-0\">\u00d6sterreich<\/label><\/span><span class=\"elementor-field-option\"><input type=\"checkbox\" value=\"Norwegen\" id=\"form-field-F2-1\" name=\"form_fields[F2][]\"> <label for=\"form-field-F2-1\">Norwegen<\/label><\/span><span class=\"elementor-field-option\"><input type=\"checkbox\" value=\"Schweiz\" id=\"form-field-F2-2\" name=\"form_fields[F2][]\"> <label for=\"form-field-F2-2\">Schweiz<\/label><\/span><\/div>\t\t\t\t<\/div>\n\t\t\t\t\t\t\t\t<div class=\"elementor-field-type-step elementor-field-group elementor-column elementor-field-group-field_885a466 elementor-col-100\">\n\t\t\t\t\t\t\t<div class=\"e-field-step elementor-hidden\" data-label=\"\" data-previousButton=\"\" data-nextButton=\"\" data-iconUrl=\"\" data-iconLibrary=\"fas fa-star\" data-icon=\"&lt;svg class=&quot;e-font-icon-svg e-fas-star&quot; viewBox=&quot;0 0 576 512&quot; xmlns=&quot;http:\/\/www.w3.org\/2000\/svg&quot;&gt;&lt;path d=&quot;M259.3 17.8L194 150.2 47.9 171.5c-26.2 3.8-36.7 36.1-17.7 54.6l105.7 103-25 145.5c-4.5 26.3 23.2 46 46.4 33.7L288 439.6l130.7 68.7c23.2 12.2 50.9-7.4 46.4-33.7l-25-145.5 105.7-103c19-18.5 8.5-50.8-17.7-54.6L382 150.2 316.7 17.8c-11.7-23.6-45.6-23.9-57.4 0z&quot;&gt;&lt;\/path&gt;&lt;\/svg&gt;\" ><\/div>\n\n\t\t\t\t\t\t<\/div>\n\t\t\t\t\t\t\t\t<div class=\"elementor-field-type-select elementor-field-group elementor-column elementor-field-group-field_9383ee7 elementor-col-100 elementor-field-required\">\n\t\t\t\t\t\t\t\t\t\t\t\t<label for=\"form-field-field_9383ee7\" class=\"elementor-field-label\">\n\t\t\t\t\t\t\t\tAnrede\t\t\t\t\t\t\t<\/label>\n\t\t\t\t\t\t\t\t<div class=\"elementor-field elementor-select-wrapper remove-before \">\n\t\t\t<div class=\"select-caret-down-wrapper\">\n\t\t\t\t<svg aria-hidden=\"true\" class=\"e-font-icon-svg e-eicon-caret-down\" viewBox=\"0 0 571.4 571.4\" xmlns=\"http:\/\/www.w3.org\/2000\/svg\"><path d=\"M571 393Q571 407 561 418L311 668Q300 679 286 679T261 668L11 418Q0 407 0 393T11 368 36 357H536Q550 357 561 368T571 393Z\"><\/path><\/svg>\t\t\t<\/div>\n\t\t\t<select name=\"form_fields[field_9383ee7]\" id=\"form-field-field_9383ee7\" class=\"elementor-field-textual elementor-size-sm\" required=\"required\">\n\t\t\t\t\t\t\t\t\t<option value=\"keine Angabe\">keine Angabe<\/option>\n\t\t\t\t\t\t\t\t\t<option value=\"Herr\">Herr<\/option>\n\t\t\t\t\t\t\t\t\t<option value=\"Frau\">Frau<\/option>\n\t\t\t\t\t\t\t<\/select>\n\t\t<\/div>\n\t\t\t\t\t\t<\/div>\n\t\t\t\t\t\t\t\t<div class=\"elementor-field-type-text elementor-field-group elementor-column elementor-field-group-field_1e394bf elementor-col-100 elementor-field-required\">\n\t\t\t\t\t\t\t\t\t\t\t\t<label for=\"form-field-field_1e394bf\" class=\"elementor-field-label\">\n\t\t\t\t\t\t\t\tVorname\t\t\t\t\t\t\t<\/label>\n\t\t\t\t\t\t\t\t\t\t\t\t\t\t<input size=\"1\" type=\"text\" name=\"form_fields[field_1e394bf]\" id=\"form-field-field_1e394bf\" class=\"elementor-field elementor-size-sm  elementor-field-textual\" placeholder=\"Max\" required=\"required\">\n\t\t\t\t\t\t\t\t\t\t\t<\/div>\n\t\t\t\t\t\t\t\t<div class=\"elementor-field-type-text elementor-field-group elementor-column elementor-field-group-field_62169f5 elementor-col-100 elementor-field-required\">\n\t\t\t\t\t\t\t\t\t\t\t\t<label for=\"form-field-field_62169f5\" class=\"elementor-field-label\">\n\t\t\t\t\t\t\t\tName\t\t\t\t\t\t\t<\/label>\n\t\t\t\t\t\t\t\t\t\t\t\t\t\t<input size=\"1\" type=\"text\" name=\"form_fields[field_62169f5]\" id=\"form-field-field_62169f5\" class=\"elementor-field elementor-size-sm  elementor-field-textual\" placeholder=\"Mustermann\" required=\"required\">\n\t\t\t\t\t\t\t\t\t\t\t<\/div>\n\t\t\t\t\t\t\t\t<div class=\"elementor-field-type-email elementor-field-group elementor-column elementor-field-group-field_30fc3dc elementor-col-100 elementor-field-required\">\n\t\t\t\t\t\t\t\t\t\t\t\t<label for=\"form-field-field_30fc3dc\" class=\"elementor-field-label\">\n\t\t\t\t\t\t\t\tE-Mail Adresse\t\t\t\t\t\t\t<\/label>\n\t\t\t\t\t\t\t\t\t\t\t\t\t\t<input size=\"1\" type=\"email\" name=\"form_fields[field_30fc3dc]\" id=\"form-field-field_30fc3dc\" class=\"elementor-field elementor-size-sm  elementor-field-textual\" placeholder=\"m.musermann@domain.de\" required=\"required\">\n\t\t\t\t\t\t\t\t\t\t\t<\/div>\n\t\t\t\t\t\t\t\t<div class=\"elementor-field-type-acceptance elementor-field-group elementor-column elementor-field-group-field_d64cf27 elementor-col-100 elementor-field-required\">\n\t\t\t\t\t\t\t<div class=\"elementor-field-subgroup\">\n\t\t\t<span class=\"elementor-field-option\">\n\t\t\t\t<input type=\"checkbox\" name=\"form_fields[field_d64cf27]\" id=\"form-field-field_d64cf27\" class=\"elementor-field elementor-size-sm  elementor-acceptance-field\" required=\"required\">\n\t\t\t\t<label for=\"form-field-field_d64cf27\">Durch das Absenden des Formulars willigt der Teilnehmer in die Teilnahmebedingungen ein.<\/label>\t\t\t<\/span>\n\t\t<\/div>\n\t\t\t\t\t\t<\/div>\n\t\t\t\t\t\t\t\t<div class=\"elementor-field-type-recaptcha elementor-field-group elementor-column elementor-field-group-field_4436a55 elementor-col-100\">\n\t\t\t\t\t<div class=\"elementor-field\" id=\"form-field-field_4436a55\"><div class=\"elementor-g-recaptcha\" data-sitekey=\"6Lc0gp8qAAAAAF_gv-VIYcF3N3HfEjqKolBfZqH9\" data-type=\"v2_checkbox\" data-theme=\"light\" data-size=\"normal\"><\/div><\/div>\t\t\t\t<\/div>\n\t\t\t\t\t\t\t\t<div class=\"elementor-field-group elementor-column elementor-field-type-submit elementor-col-25 e-form__buttons\">\n\t\t\t\t\t<button class=\"elementor-button elementor-size-sm\" type=\"submit\">\n\t\t\t\t\t\t<span class=\"elementor-button-content-wrapper\">\n\t\t\t\t\t\t\t\t\t\t\t\t\t\t\t\t\t\t\t\t\t\t<span class=\"elementor-button-text\">Absenden<\/span>\n\t\t\t\t\t\t\t\t\t\t\t\t\t<\/span>\n\t\t\t\t\t<\/button>\n\t\t\t\t<\/div>\n\t\t\t<\/div>\n\t\t<\/form>\n\t\t\t\t\t\t<\/div>\n\t\t\t\t<div class=\"elementor-element elementor-element-d39d55f elementor-widget elementor-widget-text-editor\" data-id=\"d39d55f\" data-element_type=\"widget\" data-e-type=\"widget\" data-widget_type=\"text-editor.default\">\n\t\t\t\t\t\t\t\t\t<p>Teilnahme ab 18 Jahren. Einsendeschluss: 30.04.2026<\/p><p>Ausf\u00fchrliche Teilnahmebedinungen finden Sie <a href=\"https:\/\/zukunftsforum-edelmetalle.de\/wp-content\/uploads\/2026\/02\/Teilnahmebedingungen-Gewinnspiel.pdf\" target=\"_blank\" rel=\"noopener\"><span style=\"text-decoration: underline;\"><strong>hier<\/strong><\/span><\/a><\/p>\t\t\t\t\t\t\t\t<\/div>\n\t\t\t\t<\/div>\n\t\t\t\t\t<\/div>\n\t\t\t\t<\/div>\n\t\t\t\t<\/div>\n\t\t","protected":false},"excerpt":{"rendered":"<p>Goldbarren zu gewinnen JETZT MITMACHEN UND 2 GRAMM, 5 GRAMM ODER 10 GRAMM GOLD GEWINNEN! Beim ZukunftsForum Edelmetalle k\u00f6nnen Sie nicht nur neue Erkenntnisse, Impulse oder Kontakte gewinnen &#8211; sondern auch echtes Gold: In Zusammenarbeit mit unserem Premium-Programm-Partner C.HAFNER k\u00f6nnen Sie sich einen von drei Goldbarren sichern. Daf\u00fcr m\u00fcssen Sie nur drei Fragen richtig beantworten [&hellip;]<\/p>\n","protected":false},"author":9,"featured_media":0,"parent":0,"menu_order":4,"comment_status":"closed","ping_status":"closed","template":"full-width.php","meta":{"_acf_changed":false,"footnotes":""},"class_list":["post-13937","page","type-page","status-publish","hentry"],"acf":[],"_links":{"self":[{"href":"https:\/\/zukunftsforum-edelmetalle.de\/en\/wp-json\/wp\/v2\/pages\/13937","targetHints":{"allow":["GET"]}}],"collection":[{"href":"https:\/\/zukunftsforum-edelmetalle.de\/en\/wp-json\/wp\/v2\/pages"}],"about":[{"href":"https:\/\/zukunftsforum-edelmetalle.de\/en\/wp-json\/wp\/v2\/types\/page"}],"author":[{"embeddable":true,"href":"https:\/\/zukunftsforum-edelmetalle.de\/en\/wp-json\/wp\/v2\/users\/9"}],"replies":[{"embeddable":true,"href":"https:\/\/zukunftsforum-edelmetalle.de\/en\/wp-json\/wp\/v2\/comments?post=13937"}],"version-history":[{"count":37,"href":"https:\/\/zukunftsforum-edelmetalle.de\/en\/wp-json\/wp\/v2\/pages\/13937\/revisions"}],"predecessor-version":[{"id":15267,"href":"https:\/\/zukunftsforum-edelmetalle.de\/en\/wp-json\/wp\/v2\/pages\/13937\/revisions\/15267"}],"wp:attachment":[{"href":"https:\/\/zukunftsforum-edelmetalle.de\/en\/wp-json\/wp\/v2\/media?parent=13937"}],"curies":[{"name":"wp","href":"https:\/\/api.w.org\/{rel}","templated":true}]}}